{"id":209,"date":"2015-05-07T12:51:03","date_gmt":"2015-05-07T11:51:03","guid":{"rendered":"http:\/\/qxdaqbt.preview.sharedbox.com\/ciad\/?page_id=209"},"modified":"2025-12-01T17:26:18","modified_gmt":"2025-12-01T15:26:18","slug":"accueil","status":"publish","type":"page","link":"https:\/\/www.ciad.ch\/ciad\/","title":{"rendered":"Accueil"},"content":{"rendered":"<div id=\"pl-209\"  class=\"panel-layout\" ><div id=\"pg-209-0\"  class=\"panel-grid panel-no-style\" ><div id=\"pgc-209-0-0\"  class=\"panel-grid-cell\" ><div id=\"panel-209-0-0-0\" class=\"so-panel widget widget_siteorigin-panels-postloop panel-first-child\" data-index=\"0\" ><h3 class=\"widget-title\">Publication r\u00e9cente<\/h3>\n<article id=\"post-5042\" class=\"post-5042 post type-post status-publish format-standard hentry category-general\">\n\n\t<div class=\"entry-main\">\n\n\t\t\n\t\t\n\t\t<div class=\"entry-content\">\n\t\t\t<p>Des informations g\u00e9n\u00e9rales et liens utiles mis \u00e0 disposition par l&rsquo;Etat de Vaud sont disponibles <a href=\"https:\/\/www.vd.ch\/portail-securise-des-prestations-en-ligne\/bonnes-pratiques-en-matiere-de-securite-informatique-et-de-protection-des-donnees-personnelles\/\">ici<\/a><\/p>\n<p>Vous y trouverez notamment un <a href=\"https:\/\/www.esusi.vd.ch\/esusi_menu_web\/story.html\">module de formation en ligne de sensibilisation des utilisateurs \u00e0 la s\u00e9curit\u00e9 de l\u2019information<\/a><\/p>\n<p>R\u00e9cemment publi\u00e9 sur le site vd.ch <a href=\"https:\/\/www.vd.ch\/index.php?id=2019832\">\u00ab Assurez votre s\u00e9curit\u00e9 en ligne \u00bb\u2009: Le phishing<\/a><\/p>\n\t\t\t\t\t<\/div><!-- .entry-content -->\n\n\t\t\n\t<\/div>\n\n<\/article><!-- #post-5042 -->\n<\/div><div id=\"panel-209-0-0-1\" class=\"so-panel widget widget_black-studio-tinymce widget_black_studio_tinymce panel-last-child\" data-index=\"1\" ><h3 class=\"widget-title\">Informations ProConceptERP 11.3 Web<\/h3><div class=\"textwidget\"><p>Les informations concernant les travaux en cours (Informations post maintenance) et \u00e0 venir (Fil des communications) sur ProConcept ERP sont disponibles <a href=\"https:\/\/docs.ciad.ch\/proconcept\/news\">ici<\/a> (Espace clients) et ne sont plus communiqu\u00e9s par email<\/p>\n<\/div><\/div><\/div><\/div><\/div>","protected":false},"excerpt":{"rendered":"<p>Les informations concernant les travaux en cours (Informations post maintenance) et \u00e0 venir (Fil des communications) sur ProConcept ERP sont disponibles ici (Espace clients) et ne sont plus communiqu\u00e9s par email<\/p>\n","protected":false},"author":1,"featured_media":0,"parent":0,"menu_order":0,"comment_status":"closed","ping_status":"closed","template":"home-panels.php","meta":{"footnotes":""},"class_list":["post-209","page","type-page","status-publish","hentry","post"],"_links":{"self":[{"href":"https:\/\/www.ciad.ch\/ciad\/wp-json\/wp\/v2\/pages\/209","targetHints":{"allow":["GET"]}}],"collection":[{"href":"https:\/\/www.ciad.ch\/ciad\/wp-json\/wp\/v2\/pages"}],"about":[{"href":"https:\/\/www.ciad.ch\/ciad\/wp-json\/wp\/v2\/types\/page"}],"author":[{"embeddable":true,"href":"https:\/\/www.ciad.ch\/ciad\/wp-json\/wp\/v2\/users\/1"}],"replies":[{"embeddable":true,"href":"https:\/\/www.ciad.ch\/ciad\/wp-json\/wp\/v2\/comments?post=209"}],"version-history":[{"count":338,"href":"https:\/\/www.ciad.ch\/ciad\/wp-json\/wp\/v2\/pages\/209\/revisions"}],"predecessor-version":[{"id":5283,"href":"https:\/\/www.ciad.ch\/ciad\/wp-json\/wp\/v2\/pages\/209\/revisions\/5283"}],"wp:attachment":[{"href":"https:\/\/www.ciad.ch\/ciad\/wp-json\/wp\/v2\/media?parent=209"}],"curies":[{"name":"wp","href":"https:\/\/api.w.org\/{rel}","templated":true}]}}