{"id":438,"date":"2015-05-08T13:44:14","date_gmt":"2015-05-08T12:44:14","guid":{"rendered":"http:\/\/qxdaqbt.preview.sharedbox.com\/ciad\/?page_id=438"},"modified":"2020-10-23T11:05:26","modified_gmt":"2020-10-23T09:05:26","slug":"presentation","status":"publish","type":"page","link":"https:\/\/www.ciad.ch\/ciad\/presentation\/","title":{"rendered":"Pr\u00e9sentation"},"content":{"rendered":"<p>Cr\u00e9\u00e9 par l\u2019AVOP et l\u2019Etat en 1988, puis constitu\u00e9 en association en 2003 le CIAD a pour but de promouvoir le d\u00e9veloppement de l\u2019informatique de gestion dans les institutions vaudoises subventionn\u00e9es (IVS). Il fournit aux institutions adh\u00e9rentes leur \u00e9quipement mat\u00e9riel et logiciel, en assure l\u2019installation et la maintenance. Le CIAD prend \u00e9galement en charge la formation des utilisateurs et le support pour les applications de bureautique et de gestion.<\/p>\n<p><strong>Historique du CIAD<\/strong><\/p>\n<p>En 1988, le 24 mai, les contacts entre le DPSA de l&rsquo;\u00e9poque et l&rsquo;AVOP aboutissent \u00e0 la cr\u00e9ation d&rsquo;un comit\u00e9 directeur paritaire charg\u00e9, avec un appui de consultant, de mener une \u00e9tude sur les besoins du DPSA d&rsquo;une part de des instituions d&rsquo;autre part, en mati\u00e8re de traitement de l&rsquo;information et sur les solutions informatiques rationnelles facilitant ces traitements.<br \/>\nA cette \u00e9poque, il est que l&rsquo;enjeu est en fait plus politique que technique. L&rsquo;informatisation des organisations est in\u00e9luctable. Ce processus va impliquer \u00e0 terme l&rsquo;engagement de moyens financiers importants, en ressources humaines, mat\u00e9riels et logiciels.<\/p>\n<p>Les Objectifs sont les suivants :<\/p>\n<p>1. Concevoir et mettre en place le cadre facilitant les \u00e9changes d&rsquo;informations entre les institutions AVOP et le DPSA.<\/p>\n<p>2. Concevoir et promouvoir des solutions informatiques modernes et rationnelles r\u00e9pondant \u00e0 l&rsquo;objectif pr\u00e9c\u00e9dent et adaptable \u00e0 chaque institution.<\/p>\n<p>En cours de travaux, le Comit\u00e9 a en outre d\u00e9fini les objectifs suivants, conform\u00e9ment \u00e0 l&rsquo;id\u00e9e<br \/>\nd&rsquo;un syst\u00e8me d&rsquo;information global:<\/p>\n<p>* II est indispensable de satisfaire les besoins imm\u00e9diats des institutions; il est n\u00e9anmoins tout aussi important de prendre en consid\u00e9ration les besoins actuels et futurs de l&rsquo;ensemble des intervenants du domaine social.<br \/>\n* Pour atteindre sa dimension globale, le syst\u00e8me doit d&#8217;embl\u00e9e \u00eatre con\u00e7u sur la base de moyens de communication permettant l&rsquo;\u00e9change de donn\u00e9es, une messagerie et des banques de renseignements.<br \/>\n* Le syst\u00e8me devra \u00eatre ouvert: il pourra \u00eatre compl\u00e9t\u00e9 par de nouvelles applications et de nouvelles banques de donn\u00e9es sans que sa coh\u00e9rence en souffre; il permettra aussi de se raccorder \u00e0 d&rsquo;autres syst\u00e8mes.<br \/>\n* Les solutions devront \u00eatre harmonis\u00e9es pour permettre une formation rationnelle et une utilisation polyvalente.<\/p>\n<p>Le projet a fait son chemin et en 1992, les premi\u00e8res institutions sont \u00e9quip\u00e9es apr\u00e8s avoir vu la cr\u00e9ation du Centre informatique AVOP-DPSA, nomm\u00e9 d\u00e8s lors CIAD.<\/p>\n<p>Il est charg\u00e9 de mettre en place l&rsquo;infrastructure logistique permettant au projet de se d\u00e9rouler de mani\u00e8re coh\u00e9rente, rationnelle et fiable. Il d\u00e9cide des grandes options d&rsquo;ordre politique du projet et supervise leur application par le chef de projet. Il fixe d&rsquo;autre part les objectifs g\u00e9n\u00e9raux \u00e0 court, moyen et long terme et les priorit\u00e9s.<\/p>\n<p>C\u2019est en 2003 que le CIAD Centre informatique de l\u2019AVOP \u2013 DSAS &amp; DFJ est constitu\u00e9 en association ind\u00e9pendante. Il est compos\u00e9 d&rsquo;un comit\u00e9 directeur form\u00e9 de trois repr\u00e9sentants des institutions de l\u2019AVOP, de trois repr\u00e9sentants des services de l\u2019Etat (SESAF, SPAS, SPJ), du pr\u00e9sident et de son directeur.<\/p>\n<p><strong>Aujourd&rsquo;hui<\/strong><\/p>\n<p>Le CIAD fournit des prestations informatiques aux institutions membres selon 3 axes principaux\u00a0:<\/p>\n<ol>\n<li>Impl\u00e9mentation d\u2019un progiciel ERP (ProConcept ERP) param\u00e9tr\u00e9 selon les exigences AVOP-Etat<\/li>\n<li>Syst\u00e8me d\u2019\u00e9change de donn\u00e9es financi\u00e8res avec les services de l\u2019Etat, appel\u00e9 \u00ab\u00a0Formule IVS\u00a0\u00bb et plus r\u00e9cemment \u00ab\u00a0Echange eIVS\u00a0\u00bb<\/li>\n<li>Gestion d\u2019infrastructure et services associ\u00e9s<\/li>\n<\/ol>\n<p>Inscrit au <a href=\"https:\/\/www.zefix.ch\/fr\/search\/entity\/list\/firm\/841818?name=Centre%20Informatique%20AVOP%20-%20DSAS%20%26%20DFJC&amp;searchType=exact\">Registre du Commerce<\/a> en 2006, le CIAD compte\u00a0aujourd&rsquo;hui\u00a050 institutions adh\u00e9rentes r\u00e9parties sur plus de 100 lieux g\u00e9ographiques. L\u2019infrastructure informatique repr\u00e9sente plus de\u00a01300 postes de travail\u00a0et plus de 4500 utilisateurs et ce sont plus de 6500 salaires chaque mois qui sont r\u00e9alis\u00e9s par les institutions sur les syst\u00e8mes g\u00e9r\u00e9s par le CIAD.<\/p>\n<p>Si l&rsquo;informatique administrative reste stable, nous assistons, depuis une dizaine d&rsquo;ann\u00e9e, \u00e0 une g\u00e9n\u00e9ralisation des syst\u00e8mes d&rsquo;information dans les diff\u00e9rents secteurs m\u00e9tiers. C&rsquo;est ainsi que des solutions de gestion de \u00ab\u00a0dossier du b\u00e9n\u00e9ficiaire\u00a0\u00bb apparaissent sous diff\u00e9rentes formes en fonction des besoins sp\u00e9cifiques. Le CIAD propose depuis 2010 une solution de gestion de dossier simple et financi\u00e8rement tr\u00e8s attractive, bas\u00e9e sur la plateforme SharePoint Foundation. Ce sont pr\u00e8s de 1200 personnes qui utilisent aujourd&rsquo;hui cette solution!<\/p>\n<p>Le CIAD reste tr\u00e8s attentif aux tendances actuelles\u00a0afin de r\u00e9pondre aux mieux aux besoins de ses clients, tout en respectant les standards en terme de s\u00e9curit\u00e9 et disponibilit\u00e9 des donn\u00e9es. C&rsquo;est ainsi qu&rsquo;une grande partie des services d\u00e9livr\u00e9s sont h\u00e9berg\u00e9s dans un\u00a0<a href=\"http:\/\/www.brainserve.ch\/data-center-suisse\/\">DataCenter<\/a> localis\u00e9 en Suisse.<\/p>\n<p>Finalement, les d\u00e9marches initi\u00e9e en 2006 visant \u00e0 consolider et mutualiser les syst\u00e8mes d&rsquo;information de ses clients autour d&rsquo;un m\u00eame\u00a0mod\u00e8le, a d\u00e9montr\u00e9 la pertinence\u00a0de sa strat\u00e9gie visant \u00e0 minimiser les co\u00fbts d&rsquo;exploitation tout en garantissant une excellente qualit\u00e9 de service.<\/p>\n<p><em>Ao\u00fbt 2018<\/em><\/p>\n","protected":false},"excerpt":{"rendered":"<p>Cr\u00e9\u00e9 par l\u2019AVOP et l\u2019Etat en 1988, puis constitu\u00e9 en association en 2003 le CIAD a pour but de promouvoir le d\u00e9veloppement de l\u2019informatique de gestion dans les institutions vaudoises subventionn\u00e9es (IVS). Il fournit aux institutions adh\u00e9rentes leur \u00e9quipement mat\u00e9riel et logiciel, en assure l\u2019installation et la maintenance. Le CIAD prend \u00e9galement en charge la [&hellip;]<\/p>\n","protected":false},"author":1,"featured_media":0,"parent":0,"menu_order":0,"comment_status":"closed","ping_status":"closed","template":"templates\/template-full.php","meta":{"footnotes":""},"class_list":["post-438","page","type-page","status-publish","hentry","post"],"_links":{"self":[{"href":"https:\/\/www.ciad.ch\/ciad\/wp-json\/wp\/v2\/pages\/438","targetHints":{"allow":["GET"]}}],"collection":[{"href":"https:\/\/www.ciad.ch\/ciad\/wp-json\/wp\/v2\/pages"}],"about":[{"href":"https:\/\/www.ciad.ch\/ciad\/wp-json\/wp\/v2\/types\/page"}],"author":[{"embeddable":true,"href":"https:\/\/www.ciad.ch\/ciad\/wp-json\/wp\/v2\/users\/1"}],"replies":[{"embeddable":true,"href":"https:\/\/www.ciad.ch\/ciad\/wp-json\/wp\/v2\/comments?post=438"}],"version-history":[{"count":24,"href":"https:\/\/www.ciad.ch\/ciad\/wp-json\/wp\/v2\/pages\/438\/revisions"}],"predecessor-version":[{"id":4264,"href":"https:\/\/www.ciad.ch\/ciad\/wp-json\/wp\/v2\/pages\/438\/revisions\/4264"}],"wp:attachment":[{"href":"https:\/\/www.ciad.ch\/ciad\/wp-json\/wp\/v2\/media?parent=438"}],"curies":[{"name":"wp","href":"https:\/\/api.w.org\/{rel}","templated":true}]}}