{"id":471,"date":"2015-05-08T14:46:03","date_gmt":"2015-05-08T13:46:03","guid":{"rendered":"http:\/\/qxdaqbt.preview.sharedbox.com\/ciad\/?page_id=471"},"modified":"2026-01-30T16:36:45","modified_gmt":"2026-01-30T14:36:45","slug":"telechargements","status":"publish","type":"page","link":"https:\/\/www.ciad.ch\/ciad\/support\/telechargements\/","title":{"rendered":"T\u00e9l\u00e9chargements"},"content":{"rendered":"<div id=\"pl-471\"  class=\"panel-layout\" ><div id=\"pg-471-0\"  class=\"panel-grid panel-no-style\" ><div id=\"pgc-471-0-0\"  class=\"panel-grid-cell\" ><div id=\"panel-471-0-0-0\" class=\"so-panel widget widget_circleicon-widget panel-first-child panel-last-child\" data-index=\"0\" ><div class=\"panel-widget-style panel-widget-style-for-471-0-0-0\" >\t\t<div class=\"circle-icon-box circle-icon-position-top circle-icon-hide-box circle-icon-size-small\">\n\t\t\t<div class=\"circle-icon-wrapper\">\n\t\t\t\t<a href=\"https:\/\/docs.ciad.ch\/proconcept\" class=\"link-icon\" >\t\t\t\t<div class=\"circle-icon icon-style-set\" style=\"background-color: #C1272D\">\n\t\t\t\t\t<div class=\"fa fa-database icon-color-set\" ><\/div>\t\t\t\t<\/div>\n\t\t\t\t<\/a>\t\t\t<\/div>\n\n\t\t\t<a href=\"https:\/\/docs.ciad.ch\/proconcept\" class=\"link-title\" >\t\t\t<h4 >Documentation ProConcept ERP<\/h4>\t\t\t<\/a>\n\t\t\t\t\t\t\t\t\t\t<a href=\"https:\/\/docs.ciad.ch\/proconcept\" class=\"more-button\" >Aller \u00e0 l&#039;espace clients <i><\/i><\/a>\n\t\t\t\t\t<\/div>\n\t\t<\/div><\/div><\/div><div id=\"pgc-471-0-1\"  class=\"panel-grid-cell\" ><div id=\"panel-471-0-1-0\" class=\"so-panel widget widget_circleicon-widget panel-first-child panel-last-child\" data-index=\"1\" >\t\t<div class=\"circle-icon-box circle-icon-position-top circle-icon-hide-box circle-icon-size-small\">\n\t\t\t<div class=\"circle-icon-wrapper\">\n\t\t\t\t<a href=\"https:\/\/docs.ciad.ch\/eivs\/docs\" class=\"link-icon\" >\t\t\t\t<div class=\"circle-icon icon-style-set\" style=\"background-color: #C1272D\">\n\t\t\t\t\t<div class=\"fa fa-exchange icon-color-set\" ><\/div>\t\t\t\t<\/div>\n\t\t\t\t<\/a>\t\t\t<\/div>\n\n\t\t\t<a href=\"https:\/\/docs.ciad.ch\/eivs\/docs\" class=\"link-title\" >\t\t\t<h4 >Echanges eIVS<\/h4>\t\t\t<\/a>\n\t\t\t\t\t\t\t\t\t\t<a href=\"https:\/\/docs.ciad.ch\/eivs\/docs\" class=\"more-button\" >Aller \u00e0 l&#039;espace clients <i><\/i><\/a>\n\t\t\t\t\t<\/div>\n\t\t<\/div><\/div><\/div><div id=\"pg-471-1\"  class=\"panel-grid panel-no-style\" ><div id=\"pgc-471-1-0\"  class=\"panel-grid-cell\" ><div id=\"panel-471-1-0-0\" class=\"so-panel widget widget_black-studio-tinymce widget_black_studio_tinymce panel-first-child panel-last-child\" data-index=\"2\" ><h3 class=\"widget-title\">Changement d&rsquo;acc\u00e8s au formulaire Excel eIVS d\u00e8s le 01.02.2026<\/h3><div class=\"textwidget\"><p>D\u00e8s le 1\u1d49\u02b3 f\u00e9vrier 2026, le formulaire Excel eIVS sera d\u00e9plac\u00e9 dans un espace s\u00e9curis\u00e9. L'acc\u00e8s n\u00e9cessitera d\u00e9sormais un compte utilisateur.<br \/>\nSi vous n\u2019avez pas encore de compte utilisateur, veuillez vous adresser au CIAD pour en obtenir un.<br \/>\n<strong>Attention<\/strong> : Cet acc\u00e8s ne remplace en aucun cas les accr\u00e9ditations IAM (Comptes et budget) n\u00e9cessaires pour le d\u00e9p\u00f4t des formulaires eIVS.<\/p>\n<\/div><\/div><\/div><\/div><\/div>","protected":false},"excerpt":{"rendered":"<p>D\u00e8s le 1\u1d49\u02b3 f\u00e9vrier 2026, le formulaire Excel eIVS sera d\u00e9plac\u00e9 dans un espace s\u00e9curis\u00e9. L&rsquo;acc\u00e8s n\u00e9cessitera d\u00e9sormais un compte utilisateur. Si vous n\u2019avez pas encore de compte utilisateur, veuillez vous adresser au CIAD pour en obtenir un. Attention : Cet acc\u00e8s ne remplace en aucun cas les accr\u00e9ditations IAM (Comptes et budget) n\u00e9cessaires pour [&hellip;]<\/p>\n","protected":false},"author":1,"featured_media":0,"parent":801,"menu_order":0,"comment_status":"closed","ping_status":"closed","template":"templates\/template-full-notitle.php","meta":{"footnotes":""},"class_list":["post-471","page","type-page","status-publish","hentry","post"],"_links":{"self":[{"href":"https:\/\/www.ciad.ch\/ciad\/wp-json\/wp\/v2\/pages\/471","targetHints":{"allow":["GET"]}}],"collection":[{"href":"https:\/\/www.ciad.ch\/ciad\/wp-json\/wp\/v2\/pages"}],"about":[{"href":"https:\/\/www.ciad.ch\/ciad\/wp-json\/wp\/v2\/types\/page"}],"author":[{"embeddable":true,"href":"https:\/\/www.ciad.ch\/ciad\/wp-json\/wp\/v2\/users\/1"}],"replies":[{"embeddable":true,"href":"https:\/\/www.ciad.ch\/ciad\/wp-json\/wp\/v2\/comments?post=471"}],"version-history":[{"count":117,"href":"https:\/\/www.ciad.ch\/ciad\/wp-json\/wp\/v2\/pages\/471\/revisions"}],"predecessor-version":[{"id":5296,"href":"https:\/\/www.ciad.ch\/ciad\/wp-json\/wp\/v2\/pages\/471\/revisions\/5296"}],"up":[{"embeddable":true,"href":"https:\/\/www.ciad.ch\/ciad\/wp-json\/wp\/v2\/pages\/801"}],"wp:attachment":[{"href":"https:\/\/www.ciad.ch\/ciad\/wp-json\/wp\/v2\/media?parent=471"}],"curies":[{"name":"wp","href":"https:\/\/api.w.org\/{rel}","templated":true}]}}